{"id":1400,"date":"2025-03-09T03:36:46","date_gmt":"2025-03-09T03:36:46","guid":{"rendered":"https:\/\/tapiismarrakech.com\/?post_type=product&#038;p=1400"},"modified":"2025-05-08T23:06:48","modified_gmt":"2025-05-08T23:06:48","slug":"cactus-en-alfa","status":"publish","type":"product","link":"https:\/\/tapiismarrakech.com\/fr\/product\/cactus-en-alfa\/","title":{"rendered":"Cactus et Alfa"},"content":{"rendered":"<p><span style=\"font-family: 'trebuchet ms', geneva, sans-serif;\">Le cactus en fibre tress\u00e9e est l&#8217;\u00e9l\u00e9ment d\u00e9coratif du moment ! Placez-le directement au sol dans le coin d&#8217;une pi\u00e8ce, le coin d&#8217;un escalier, ou tout simplement \u00e0 l&#8217;ext\u00e9rieur sur une terrasse couverte.<\/span><br \/>\n<span style=\"font-family: 'trebuchet ms', geneva, sans-serif;\">Cadre en fer forg\u00e9 pour un bon maintien.<\/span><\/p>\n<p><strong><span style=\"font-family: 'trebuchet ms', geneva, sans-serif; font-size: 14pt;\">Dimensions : hauteur<\/span><\/strong><\/p>\n<p class=\"selectable-text copyable-text x15bjb6t x1n2onr6\" dir=\"ltr\"><span style=\"font-family: 'trebuchet ms', geneva, sans-serif;\"><span class=\"x19la9d6 x1fc57z9 x6ikm8r x10wlt62 x19co3pv x1g5zs5t xfibh0p xiy17q3 x1xsqp64 x1lkfr7t xexx8yu x4uap5 x18d9i69 xkhd6sd\"><span class=\"xrtxmta x1bhl96m\">\u25aa\ufe0f<\/span><\/span><span class=\"selectable-text copyable-text xkrh14z\">30 cm <\/span><\/span><\/p>\n<p class=\"selectable-text copyable-text x15bjb6t x1n2onr6\" dir=\"ltr\"><span style=\"font-family: 'trebuchet ms', geneva, sans-serif;\"><span class=\"x19la9d6 x1fc57z9 x6ikm8r x10wlt62 x19co3pv x1g5zs5t xfibh0p xiy17q3 x1xsqp64 x1lkfr7t xexx8yu x4uap5 x18d9i69 xkhd6sd\"><span class=\"xrtxmta x1bhl96m\">\u25aa\ufe0f<\/span><\/span><span class=\"selectable-text copyable-text xkrh14z\">40 cm <\/span><\/span><\/p>\n<p class=\"selectable-text copyable-text x15bjb6t x1n2onr6\" dir=\"ltr\"><span style=\"font-family: 'trebuchet ms', geneva, sans-serif;\"><span class=\"x19la9d6 x1fc57z9 x6ikm8r x10wlt62 x19co3pv x1g5zs5t xfibh0p xiy17q3 x1xsqp64 x1lkfr7t xexx8yu x4uap5 x18d9i69 xkhd6sd\"><span class=\"xrtxmta x1bhl96m\">\u25aa\ufe0f<\/span><\/span><span class=\"selectable-text copyable-text xkrh14z\">50 cm <\/span><\/span><\/p>\n<p class=\"selectable-text copyable-text x15bjb6t x1n2onr6\" dir=\"ltr\"><span style=\"font-family: 'trebuchet ms', geneva, sans-serif;\"><span class=\"x19la9d6 x1fc57z9 x6ikm8r x10wlt62 x19co3pv x1g5zs5t xfibh0p xiy17q3 x1xsqp64 x1lkfr7t xexx8yu x4uap5 x18d9i69 xkhd6sd\"><span class=\"xrtxmta x1bhl96m\">\u25aa\ufe0f<\/span><\/span><span class=\"selectable-text copyable-text xkrh14z\">60 cm <\/span><\/span><\/p>\n<p class=\"selectable-text copyable-text x15bjb6t x1n2onr6\" dir=\"ltr\"><span style=\"font-family: 'trebuchet ms', geneva, sans-serif;\"><span class=\"x19la9d6 x1fc57z9 x6ikm8r x10wlt62 x19co3pv x1g5zs5t xfibh0p xiy17q3 x1xsqp64 x1lkfr7t xexx8yu x4uap5 x18d9i69 xkhd6sd\"><span class=\"xrtxmta x1bhl96m\">\u25aa\ufe0f<\/span><\/span><span class=\"selectable-text copyable-text xkrh14z\">70cm <\/span><\/span><\/p>\n<p class=\"selectable-text copyable-text x15bjb6t x1n2onr6\" dir=\"ltr\"><span style=\"font-family: 'trebuchet ms', geneva, sans-serif;\"><span class=\"x19la9d6 x1fc57z9 x6ikm8r x10wlt62 x19co3pv x1g5zs5t xfibh0p xiy17q3 x1xsqp64 x1lkfr7t xexx8yu x4uap5 x18d9i69 xkhd6sd\"><span class=\"xrtxmta x1bhl96m\">\u25aa\ufe0f<\/span><\/span><span class=\"selectable-text copyable-text xkrh14z\">80cm <\/span><\/span><\/p>\n<p class=\"selectable-text copyable-text x15bjb6t x1n2onr6\" dir=\"ltr\"><span style=\"font-family: 'trebuchet ms', geneva, sans-serif;\"><span class=\"x19la9d6 x1fc57z9 x6ikm8r x10wlt62 x19co3pv x1g5zs5t xfibh0p xiy17q3 x1xsqp64 x1lkfr7t xexx8yu x4uap5 x18d9i69 xkhd6sd\"><span class=\"xrtxmta x1bhl96m\">\u25aa\ufe0f<\/span><\/span><span class=\"selectable-text copyable-text xkrh14z\">90 cm <\/span><\/span><\/p>\n<p class=\"selectable-text copyable-text x15bjb6t x1n2onr6\" dir=\"ltr\"><span style=\"font-family: 'trebuchet ms', geneva, sans-serif;\"><span class=\"x19la9d6 x1fc57z9 x6ikm8r x10wlt62 x19co3pv x1g5zs5t xfibh0p xiy17q3 x1xsqp64 x1lkfr7t xexx8yu x4uap5 x18d9i69 xkhd6sd\"><span class=\"xrtxmta x1bhl96m\">\u25aa\ufe0f<\/span><\/span><span class=\"selectable-text copyable-text xkrh14z\">100 cm<\/span><\/span><\/p>\n<p dir=\"ltr\"><span style=\"font-family: 'trebuchet ms', geneva, sans-serif;\"><span class=\"x19la9d6 x1fc57z9 x6ikm8r x10wlt62 x19co3pv x1g5zs5t xfibh0p xiy17q3 x1xsqp64 x1lkfr7t xexx8yu x4uap5 x18d9i69 xkhd6sd\"><span class=\"xrtxmta x1bhl96m\">\u25aa\ufe0f<\/span><\/span><span class=\"selectable-text copyable-text xkrh14z\">125 cm<\/span><\/span><\/p>\n<p dir=\"ltr\"><span style=\"font-family: 'trebuchet ms', geneva, sans-serif;\"><span class=\"x19la9d6 x1fc57z9 x6ikm8r x10wlt62 x19co3pv x1g5zs5t xfibh0p xiy17q3 x1xsqp64 x1lkfr7t xexx8yu x4uap5 x18d9i69 xkhd6sd\"><span class=\"xrtxmta x1bhl96m\">\u25aa\ufe0f<\/span><\/span><span class=\"selectable-text copyable-text xkrh14z\">130 cm<\/span><\/span><\/p>\n<p dir=\"ltr\"><span style=\"font-family: 'trebuchet ms', geneva, sans-serif;\"><span class=\"x19la9d6 x1fc57z9 x6ikm8r x10wlt62 x19co3pv x1g5zs5t xfibh0p xiy17q3 x1xsqp64 x1lkfr7t xexx8yu x4uap5 x18d9i69 xkhd6sd\"><span class=\"xrtxmta x1bhl96m\">\u25aa\ufe0f<\/span><\/span><span class=\"selectable-text copyable-text xkrh14z\">150 cm<\/span><\/span><\/p>\n<p dir=\"ltr\"><span style=\"font-family: 'trebuchet ms', geneva, sans-serif;\"><span class=\"x19la9d6 x1fc57z9 x6ikm8r x10wlt62 x19co3pv x1g5zs5t xfibh0p xiy17q3 x1xsqp64 x1lkfr7t xexx8yu x4uap5 x18d9i69 xkhd6sd\"><span class=\"xrtxmta x1bhl96m\">\u25aa\ufe0f<\/span><\/span><span class=\"selectable-text copyable-text xkrh14z\">180 cm<\/span><\/span><\/p>\n<p>&nbsp;<\/p>\n<p><span style=\"font-family: 'trebuchet ms', geneva, sans-serif;\">Fabriqu\u00e9 \u00e0 la main de mani\u00e8re authentique par des artisans marocains.<\/span><\/p>\n<p><span style=\"font-size: 14pt;\"><strong><span style=\"font-family: 'trebuchet ms', geneva, sans-serif;\">P\u00e9riode de Livraison :<\/span><\/strong><\/span><\/p>\n<p><span style=\"font-family: 'trebuchet ms', geneva, sans-serif;\">Votre commande sera livr\u00e9e \u00e0 votre domicile via ARAMEX, DHL ou UPS dans un d\u00e9lai de 4 \u00e0 6 jours ouvr\u00e9s. Nous assurons une manipulation soign\u00e9e et une livraison en toute s\u00e9curit\u00e9 de nos meubles, objets fragiles et volumineux.<\/span><\/p>\n<p><span style=\"font-family: 'trebuchet ms', geneva, sans-serif;\">Notre engagement qualit\u00e9<\/span><\/p>\n<p><span style=\"font-family: 'trebuchet ms', geneva, sans-serif;\">Nous nous engageons \u00e0 vous fournir un produit qui : M\u00eame que sur la photo Authentique fabrication artisanale Fabriqu\u00e9 \u00e0 partir de mat\u00e9riaux de haute qualit\u00e9.<\/span><br \/>\n<span style=\"font-family: 'trebuchet ms', geneva, sans-serif;\">livraison :<\/span><\/p>\n<p><span style=\"font-family: 'trebuchet ms', geneva, sans-serif;\">Une fois votre commande trait\u00e9e, elle sera exp\u00e9di\u00e9e en toute s\u00e9curit\u00e9 via DHL, Aramex ou FedEx depuis le Maroc dans un d\u00e9lai de 4 \u00e0 6 jours ouvrables. Vous recevrez un e-mail de confirmation avec un num\u00e9ro de suivi pour vous aider \u00e0 suivre votre commande.<\/span><\/p>\n<p><span style=\"font-family: 'trebuchet ms', geneva, sans-serif;\">D\u00e9lais de traitement et d\u2019exp\u00e9dition :<\/span><\/p>\n<p><span style=\"font-family: 'trebuchet ms', geneva, sans-serif;\">Traitement : Votre commande sera pr\u00eate \u00e0 \u00eatre exp\u00e9di\u00e9e dans un d\u00e9lai d\u2019une semaine.<\/span><\/p>\n<p><span style=\"font-size: 14pt;\"><strong><span style=\"font-family: 'trebuchet ms', geneva, sans-serif;\">Notre engagement qualit\u00e9<\/span><\/strong><\/span><\/p>\n<p><span style=\"font-family: 'trebuchet ms', geneva, sans-serif;\">Nous nous engageons \u00e0 vous fournir un produit qui : M\u00eame que sur la photo Authentique fabrication artisanale Fabriqu\u00e9 \u00e0 partir de mat\u00e9riaux de haute qualit\u00e9.<\/span><br \/>\n<span style=\"font-family: 'trebuchet ms', geneva, sans-serif;\">livraison :<\/span><\/p>\n<p><span style=\"font-family: 'trebuchet ms', geneva, sans-serif;\">Une fois votre commande trait\u00e9e, elle sera exp\u00e9di\u00e9e en toute s\u00e9curit\u00e9 via DHL, Aramex ou FedEx depuis le Maroc dans un d\u00e9lai de 4 \u00e0 6 jours ouvrables. Vous recevrez un e-mail de confirmation avec un num\u00e9ro de suivi pour vous aider \u00e0 suivre votre commande.<\/span><\/p>\n<p><strong><span style=\"font-family: 'trebuchet ms', geneva, sans-serif; font-size: 14pt;\">D\u00e9lais de traitement et d'exp\u00e9dition :<\/span><\/strong><\/p>\n<p><span style=\"font-family: 'trebuchet ms', geneva, sans-serif;\">Traitement : Votre commande sera pr\u00eate \u00e0 \u00eatre exp\u00e9di\u00e9e dans un d\u00e9lai d'une semaine.<\/span><\/p>","protected":false},"excerpt":{"rendered":"<h6>\u2705 Un produit 100 % artisanal<br data-start=\"1228\" data-end=\"1231\" \/>\u2705 Un \u00e9l\u00e9ment d\u00e9coratif original<br data-start=\"1328\" data-end=\"1331\" \/>\u2705 Une conception \u00e9cologique<br data-start=\"1413\" data-end=\"1416\" \/>\u2705 Une pi\u00e8ce unique<\/h6>","protected":false},"featured_media":1412,"template":"","meta":[],"product_brand":[],"product_cat":[15],"product_tag":[],"class_list":{"0":"post-1400","1":"product","2":"type-product","3":"status-publish","4":"has-post-thumbnail","6":"product_cat-uncategorized","8":"first","9":"instock","10":"shipping-taxable","11":"purchasable","12":"product-type-variable"},"aioseo_notices":[],"jetpack_sharing_enabled":true,"_links":{"self":[{"href":"https:\/\/tapiismarrakech.com\/fr\/wp-json\/wp\/v2\/product\/1400","targetHints":{"allow":["GET"]}}],"collection":[{"href":"https:\/\/tapiismarrakech.com\/fr\/wp-json\/wp\/v2\/product"}],"about":[{"href":"https:\/\/tapiismarrakech.com\/fr\/wp-json\/wp\/v2\/types\/product"}],"wp:featuredmedia":[{"embeddable":true,"href":"https:\/\/tapiismarrakech.com\/fr\/wp-json\/wp\/v2\/media\/1412"}],"wp:attachment":[{"href":"https:\/\/tapiismarrakech.com\/fr\/wp-json\/wp\/v2\/media?parent=1400"}],"wp:term":[{"taxonomy":"product_brand","embeddable":true,"href":"https:\/\/tapiismarrakech.com\/fr\/wp-json\/wp\/v2\/product_brand?post=1400"},{"taxonomy":"product_cat","embeddable":true,"href":"https:\/\/tapiismarrakech.com\/fr\/wp-json\/wp\/v2\/product_cat?post=1400"},{"taxonomy":"product_tag","embeddable":true,"href":"https:\/\/tapiismarrakech.com\/fr\/wp-json\/wp\/v2\/product_tag?post=1400"}],"curies":[{"name":"wp","href":"https:\/\/api.w.org\/{rel}","templated":true}]}}