{"id":1421,"date":"2025-03-09T03:39:02","date_gmt":"2025-03-09T03:39:02","guid":{"rendered":"https:\/\/tapiismarrakech.com\/?post_type=product&#038;p=1421"},"modified":"2025-05-06T10:57:00","modified_gmt":"2025-05-06T10:57:00","slug":"panier-a-liange","status":"publish","type":"product","link":"https:\/\/tapiismarrakech.com\/fr\/product\/panier-a-liange\/","title":{"rendered":"Paniers de rangement pour v\u00eatements - paniers \u00e0 linge - paniers en paille - paniers naturels - paniers faits main"},"content":{"rendered":"<p style=\"text-align: center;\"><strong><span style=\"font-family: 'trebuchet ms', geneva, sans-serif; font-size: 14pt;\">GRAND PANIER DE RANGEMENT.<\/span><\/strong><\/p>\n<p><span style=\"font-family: 'trebuchet ms', geneva, sans-serif;\">100% NATUREL : Palmier + Sisal<\/span><br \/>\n<span style=\"font-family: 'trebuchet ms', geneva, sans-serif;\">100% SOLIDE : Tress\u00e9 enti\u00e8rement \u00e0 la main<\/span><br \/>\n<span style=\"font-family: 'trebuchet ms', geneva, sans-serif;\">100% V\u00c9GAN : Fibre v\u00e9g\u00e9tale naturelle<\/span><\/p>\n<p style=\"text-align: center;\"><strong><span style=\"font-family: 'trebuchet ms', geneva, sans-serif; font-size: 14pt;\">UTILISATION MULTIPLE :<\/span><\/strong><\/p>\n<p><span style=\"font-family: 'trebuchet ms', geneva, sans-serif;\">- pani\u00e8re \u00e0 linge<\/span><br \/>\n<span style=\"font-family: 'trebuchet ms', geneva, sans-serif;\">- malle de rangement<\/span><br \/>\n<span style=\"font-family: 'trebuchet ms', geneva, sans-serif;\">- coffre \u00e0 jouet<\/span><br \/>\n<span style=\"font-family: 'trebuchet ms', geneva, sans-serif;\">- panier \u00e0 buches \/ bois<\/span><br \/>\n<span style=\"font-family: 'trebuchet ms', geneva, sans-serif;\">- corbeille d\u00e9coration<\/span><br \/>\n<span style=\"font-family: 'trebuchet ms', geneva, sans-serif;\">- bac de rangement<\/span><br \/>\n<span style=\"font-family: 'trebuchet ms', geneva, sans-serif;\">- cache pot pour plantes.<\/span><\/p>\n<p><span style=\"font-family: 'trebuchet ms', geneva, sans-serif;\">Le panier est en palmier, cela se tresse comme l'osier, le rotin ou la paille mais beaucoup plus tendance.<\/span><br \/>\n<span style=\"font-family: 'trebuchet ms', geneva, sans-serif;\">Couleur naturelle.<\/span><br \/>\n<span style=\"font-family: 'trebuchet ms', geneva, sans-serif;\">2 Poign\u00e9es en sisal pour un transport facile.<\/span><\/p>\n<p style=\"text-align: center;\"><strong><span style=\"font-family: 'trebuchet ms', geneva, sans-serif; font-size: 14pt;\">4 tailles :<\/span><\/strong><\/p>\n<p><span style=\"font-family: 'trebuchet ms', geneva, sans-serif;\">- MOYEN : Hauteur 30cm \/ Diam\u00e8tre 35cm<\/span><br \/>\n<span style=\"font-family: 'trebuchet ms', geneva, sans-serif;\">- GRAND : Hauteur 40cm \/ Diam\u00e8tre 40cm<\/span><br \/>\n<span style=\"font-family: 'trebuchet ms', geneva, sans-serif;\">- XL : Hauteur 50cm \/ Diam\u00e8tre 45cm<\/span><br \/>\n<span style=\"font-family: 'trebuchet ms', geneva, sans-serif;\">- XXL : Hauteur 60cm \/ Diam\u00e8tre 50cm<\/span><\/p>\n<p><span style=\"font-family: 'trebuchet ms', geneva, sans-serif;\">Les dimensions not\u00e9s ci dessus peuvent vari\u00e9es un peu du fait de la fabrication artisanale.<\/span><br \/>\n<span style=\"font-family: 'trebuchet ms', geneva, sans-serif;\">Pour nos futurs clients non habitu\u00e9s au vrai artisanat, des petits d\u00e9fauts ou irr\u00e9gularit\u00e9s sont possibles, votre pani\u00e8re en sera d'autant plus unique !<\/span><\/p>\n<p><span style=\"font-size: 14pt;\"><strong><span style=\"font-family: 'trebuchet ms', geneva, sans-serif;\">Notre engagement qualit\u00e9<\/span><\/strong><\/span><\/p>\n<p><span style=\"font-family: 'trebuchet ms', geneva, sans-serif;\">Nous nous engageons \u00e0 vous fournir un produit qui : M\u00eame que sur la photo Authentique fabrication artisanale Fabriqu\u00e9 \u00e0 partir de mat\u00e9riaux de haute qualit\u00e9.<\/span><br \/>\n<span style=\"font-family: 'trebuchet ms', geneva, sans-serif;\">livraison :<\/span><\/p>\n<p><span style=\"font-family: 'trebuchet ms', geneva, sans-serif;\">Une fois votre commande trait\u00e9e, elle sera exp\u00e9di\u00e9e en toute s\u00e9curit\u00e9 via DHL, Aramex ou FedEx depuis le Maroc dans un d\u00e9lai de 4 \u00e0 6 jours ouvrables. Vous recevrez un e-mail de confirmation avec un num\u00e9ro de suivi pour vous aider \u00e0 suivre votre commande.<\/span><\/p>\n<p><strong><span style=\"font-family: 'trebuchet ms', geneva, sans-serif; font-size: 14pt;\">D\u00e9lais de traitement et d'exp\u00e9dition :<\/span><\/strong><\/p>\n<p><span style=\"font-family: 'trebuchet ms', geneva, sans-serif;\">Traitement : Votre commande sera pr\u00eate \u00e0 \u00eatre exp\u00e9di\u00e9e dans un d\u00e9lai d'une semaine.<\/span><\/p>","protected":false},"excerpt":{"rendered":"<h6>\u2705 Un produit fait main avec des mat\u00e9riaux naturels<br data-start=\"1732\" data-end=\"1735\" \/>\u2705 Une touche d'\u00e9l\u00e9gance et de charme marocain dans votre int\u00e9rieur<br data-start=\"1805\" data-end=\"1808\" \/>\u2705 Un accessoire pratique et esth\u00e9tique qui facilite l'organisation<\/h6>","protected":false},"featured_media":1419,"template":"","meta":[],"product_brand":[],"product_cat":[15],"product_tag":[],"class_list":{"0":"post-1421","1":"product","2":"type-product","3":"status-publish","4":"has-post-thumbnail","6":"product_cat-uncategorized","8":"first","9":"instock","10":"shipping-taxable","11":"purchasable","12":"product-type-variable","13":"has-default-attributes"},"aioseo_notices":[],"jetpack_sharing_enabled":true,"_links":{"self":[{"href":"https:\/\/tapiismarrakech.com\/fr\/wp-json\/wp\/v2\/product\/1421","targetHints":{"allow":["GET"]}}],"collection":[{"href":"https:\/\/tapiismarrakech.com\/fr\/wp-json\/wp\/v2\/product"}],"about":[{"href":"https:\/\/tapiismarrakech.com\/fr\/wp-json\/wp\/v2\/types\/product"}],"wp:featuredmedia":[{"embeddable":true,"href":"https:\/\/tapiismarrakech.com\/fr\/wp-json\/wp\/v2\/media\/1419"}],"wp:attachment":[{"href":"https:\/\/tapiismarrakech.com\/fr\/wp-json\/wp\/v2\/media?parent=1421"}],"wp:term":[{"taxonomy":"product_brand","embeddable":true,"href":"https:\/\/tapiismarrakech.com\/fr\/wp-json\/wp\/v2\/product_brand?post=1421"},{"taxonomy":"product_cat","embeddable":true,"href":"https:\/\/tapiismarrakech.com\/fr\/wp-json\/wp\/v2\/product_cat?post=1421"},{"taxonomy":"product_tag","embeddable":true,"href":"https:\/\/tapiismarrakech.com\/fr\/wp-json\/wp\/v2\/product_tag?post=1421"}],"curies":[{"name":"wp","href":"https:\/\/api.w.org\/{rel}","templated":true}]}}