{"id":1423,"date":"2025-03-09T03:40:03","date_gmt":"2025-03-09T03:40:03","guid":{"rendered":"https:\/\/tapiismarrakech.com\/?post_type=product&#038;p=1423"},"modified":"2025-05-12T18:02:00","modified_gmt":"2025-05-12T18:02:00","slug":"echelle-en-bois","status":"publish","type":"product","link":"https:\/\/tapiismarrakech.com\/fr\/product\/echelle-en-bois\/","title":{"rendered":"\u00c9chelle en bois"},"content":{"rendered":"<p><span style=\"font-family: 'trebuchet ms', geneva, sans-serif;\">Pour un int\u00e9rieur chic et naturel, le bois est plus que jamais populaire. Cette \u00e9chelle en bois naturel est id\u00e9ale comme porte-serviettes dans la salle de bain ! Elle peut \u00e9galement \u00eatre utilis\u00e9e pour accrocher des plaids, des paniers ou simplement comme accessoire d\u00e9coratif dans la maison.<\/span><\/p>\n<p><strong><span style=\"font-family: 'trebuchet ms', geneva, sans-serif; font-size: 14pt;\">Dimensions :<\/span><\/strong><br \/>\n<span style=\"font-family: 'trebuchet ms', geneva, sans-serif;\">120 et 40 cm<\/span><br \/>\n<span style=\"font-family: 'trebuchet ms', geneva, sans-serif;\">140 cm 40 cm<\/span><br \/>\n<span style=\"font-family: 'trebuchet ms', geneva, sans-serif;\">160 I 40 cm<\/span><\/p>\n<p><span style=\"font-family: 'trebuchet ms', geneva, sans-serif;\">L&#8217;\u00e9chelle peut \u00eatre plac\u00e9e \u00e0 l&#8217;ext\u00e9rieur, couverte.<\/span><br \/>\n<span style=\"font-family: 'trebuchet ms', geneva, sans-serif;\">* Fabriqu\u00e9e \u00e0 la main, chaque pi\u00e8ce est unique, il peut y avoir de l\u00e9g\u00e8res variations en centim\u00e8tres.<\/span><br \/>\n<span style=\"font-family: 'trebuchet ms', geneva, sans-serif;\">authentiquement fait main par des artisans marocains<\/span><br \/>\n<span style=\"font-family: 'trebuchet ms', geneva, sans-serif;\">Mat\u00e9riaux de la plus haute qualit\u00e9<\/span><\/p>\n<p><span style=\"font-family: 'trebuchet ms', geneva, sans-serif;\">Nous nous engageons \u00e0 vous fournir un produit qui : M\u00eame que sur la photo Authentique fabrication artisanale Fabriqu\u00e9 \u00e0 partir de mat\u00e9riaux de haute qualit\u00e9.<\/span><br \/>\n<span style=\"font-family: 'trebuchet ms', geneva, sans-serif;\">livraison :<\/span><\/p>\n<p><span style=\"font-family: 'trebuchet ms', geneva, sans-serif;\">Une fois votre commande trait\u00e9e, elle sera exp\u00e9di\u00e9e en toute s\u00e9curit\u00e9 via DHL, Aramex ou FedEx depuis le Maroc dans un d\u00e9lai de 4 \u00e0 6 jours ouvrables. Vous recevrez un e-mail de confirmation avec un num\u00e9ro de suivi pour vous aider \u00e0 suivre votre commande.<\/span><\/p>\n<p><span style=\"font-family: 'trebuchet ms', geneva, sans-serif;\">D\u00e9lais de traitement et d\u2019exp\u00e9dition :<\/span><\/p>\n<p><span style=\"font-family: 'trebuchet ms', geneva, sans-serif;\">Traitement : Votre commande sera pr\u00eate \u00e0 \u00eatre exp\u00e9di\u00e9e dans un d\u00e9lai d\u2019une semaine.<\/span><\/p>\n<p><span style=\"font-size: 14pt;\"><strong><span style=\"font-family: 'trebuchet ms', geneva, sans-serif;\">Notre engagement qualit\u00e9<\/span><\/strong><\/span><\/p>\n<p><span style=\"font-family: 'trebuchet ms', geneva, sans-serif;\">Nous nous engageons \u00e0 vous fournir un produit qui : M\u00eame que sur la photo Authentique fabrication artisanale Fabriqu\u00e9 \u00e0 partir de mat\u00e9riaux de haute qualit\u00e9.<\/span><br \/>\n<span style=\"font-family: 'trebuchet ms', geneva, sans-serif;\">livraison :<\/span><\/p>\n<p><span style=\"font-family: 'trebuchet ms', geneva, sans-serif;\">Une fois votre commande trait\u00e9e, elle sera exp\u00e9di\u00e9e en toute s\u00e9curit\u00e9 via DHL, Aramex ou FedEx depuis le Maroc dans un d\u00e9lai de 4 \u00e0 6 jours ouvrables. Vous recevrez un e-mail de confirmation avec un num\u00e9ro de suivi pour vous aider \u00e0 suivre votre commande.<\/span><\/p>\n<p><strong><span style=\"font-family: 'trebuchet ms', geneva, sans-serif; font-size: 14pt;\">D\u00e9lais de traitement et d'exp\u00e9dition :<\/span><\/strong><\/p>\n<p><span style=\"font-family: 'trebuchet ms', geneva, sans-serif;\">Traitement : Votre commande sera pr\u00eate \u00e0 \u00eatre exp\u00e9di\u00e9e dans un d\u00e9lai d'une semaine.<\/span><\/p>","protected":false},"excerpt":{"rendered":"<p>Pour un int\u00e9rieur chic et naturel, le bois est plus que jamais populaire. Cette \u00e9chelle en bois naturel est id\u00e9ale comme porte-serviettes dans la salle de bain ! Elle peut \u00e9galement \u00eatre utilis\u00e9e pour accrocher des plaids, des paniers ou simplement comme accessoire d\u00e9coratif dans la maison. Dimensions : 120 et 40 cm 140 cm 40 cm 160 I 40 cm L&#8217;\u00e9chelle peut \u00eatre plac\u00e9e \u00e0 l&#8217;ext\u00e9rieur, couverte. * Fabriqu\u00e9e \u00e0 la main, chaque pi\u00e8ce est unique, il peut y avoir de l\u00e9g\u00e8res variations en centim\u00e8tres. authentiquement fait main par des artisans marocains Mat\u00e9riaux de la plus haute qualit\u00e9 Nous nous engageons \u00e0 vous fournir un produit qui : M\u00eame que sur la photo Authentique fabrication artisanale Fabriqu\u00e9 \u00e0 partir de mat\u00e9riaux de haute qualit\u00e9. livraison: Une fois votre commande trait\u00e9e, elle sera exp\u00e9di\u00e9e en toute s\u00e9curit\u00e9 via DHL, Aramex ou FedEx depuis le Maroc dans un d\u00e9lai de 4 \u00e0 6 jours ouvrables. Vous recevrez un e-mail de confirmation avec un num\u00e9ro de suivi pour vous aider \u00e0 suivre votre commande. D\u00e9lais de traitement et d\u2019exp\u00e9dition : Traitement : Votre commande sera pr\u00eate \u00e0 \u00eatre exp\u00e9di\u00e9e dans un d\u00e9lai d\u2019une semaine. Notre engagement qualit\u00e9 Nous nous engageons \u00e0 vous fournir un produit qui : M\u00eame que sur la photo Authentique fabrication artisanale Fabriqu\u00e9 \u00e0 partir de mat\u00e9riaux de haute qualit\u00e9. livraison: Une fois votre commande trait\u00e9e, elle sera exp\u00e9di\u00e9e en toute s\u00e9curit\u00e9 via DHL, Aramex ou FedEx depuis le Maroc dans un d\u00e9lai de 4 \u00e0 6 jours ouvrables. Vous recevrez un e-mail de confirmation avec un num\u00e9ro de suivi pour vous aider \u00e0 suivre votre commande. D\u00e9lais de traitement et d&#8217;exp\u00e9dition : Traitement : Votre commande sera pr\u00eate \u00e0 \u00eatre exp\u00e9di\u00e9e dans un d\u00e9lai d&#8217;une semaine.<\/p>","protected":false},"featured_media":5143,"template":"","meta":[],"product_brand":[],"product_cat":[15],"product_tag":[],"class_list":{"0":"post-1423","1":"product","2":"type-product","3":"status-publish","4":"has-post-thumbnail","6":"product_cat-uncategorized","8":"first","9":"instock","10":"shipping-taxable","11":"purchasable","12":"product-type-variable"},"aioseo_notices":[],"jetpack_sharing_enabled":true,"_links":{"self":[{"href":"https:\/\/tapiismarrakech.com\/fr\/wp-json\/wp\/v2\/product\/1423","targetHints":{"allow":["GET"]}}],"collection":[{"href":"https:\/\/tapiismarrakech.com\/fr\/wp-json\/wp\/v2\/product"}],"about":[{"href":"https:\/\/tapiismarrakech.com\/fr\/wp-json\/wp\/v2\/types\/product"}],"wp:featuredmedia":[{"embeddable":true,"href":"https:\/\/tapiismarrakech.com\/fr\/wp-json\/wp\/v2\/media\/5143"}],"wp:attachment":[{"href":"https:\/\/tapiismarrakech.com\/fr\/wp-json\/wp\/v2\/media?parent=1423"}],"wp:term":[{"taxonomy":"product_brand","embeddable":true,"href":"https:\/\/tapiismarrakech.com\/fr\/wp-json\/wp\/v2\/product_brand?post=1423"},{"taxonomy":"product_cat","embeddable":true,"href":"https:\/\/tapiismarrakech.com\/fr\/wp-json\/wp\/v2\/product_cat?post=1423"},{"taxonomy":"product_tag","embeddable":true,"href":"https:\/\/tapiismarrakech.com\/fr\/wp-json\/wp\/v2\/product_tag?post=1423"}],"curies":[{"name":"wp","href":"https:\/\/api.w.org\/{rel}","templated":true}]}}