{"id":1425,"date":"2025-03-09T03:41:32","date_gmt":"2025-03-09T03:41:32","guid":{"rendered":"https:\/\/tapiismarrakech.com\/?post_type=product&#038;p=1425"},"modified":"2026-03-05T23:55:25","modified_gmt":"2026-03-05T23:55:25","slug":"panier-traditionnel","status":"publish","type":"product","link":"https:\/\/tapiismarrakech.com\/fr\/product\/panier-traditionnel\/","title":{"rendered":"Paniers de rangement personnalisables &#8211; Paniers sur mesure &#8211; Paniers de rangement pour la maison &#8211; Paniers de rangement pour jouets d&#8217;enfants &#8211; Paniers faits main &#8211; Paniers en feuilles de palmier et en roseau"},"content":{"rendered":"<p><span style=\"font-family: 'trebuchet ms', geneva, sans-serif;\">D\u00e9couvrez nos magnifiques malles en osier, un v\u00e9ritable tr\u00e9sor artisanal tress\u00e9 avec passion \u00e0 partir de feuilles de palmier et de bambou. Ces malles allient \u00e0 merveille l&#8217;esth\u00e9tisme intemporel du design artisanal \u00e0 une fonctionnalit\u00e9 pratique qui saura r\u00e9pondre \u00e0 vos besoins quotidiens tout en sublimant votre d\u00e9coration int\u00e9rieure.<\/span><\/p>\n<p><span style=\"font-size: 14pt;\"><strong><span style=\"font-family: 'trebuchet ms', geneva, sans-serif;\">_Mesures disponibles:<\/span><\/strong><\/span><\/p>\n<p><span style=\"font-family: 'trebuchet ms', geneva, sans-serif;\">\u25aa\ufe0fS) Longueur 80cm Largeur 35cm Hauteur 35cm.<\/span><br \/>\n<span style=\"font-family: 'trebuchet ms', geneva, sans-serif;\">\u25aa\ufe0fM) Longueur 60cm Largeur 35cm Hauteur 35cm.<\/span><br \/>\n<span style=\"font-family: 'trebuchet ms', geneva, sans-serif;\">\u25aa\ufe0f L) Longueur 50cm Largeur 30cm Hauteur 30cm.<\/span><br \/>\n<span style=\"font-family: 'trebuchet ms', geneva, sans-serif;\">\u25aa\ufe0f XL) Longueur 35cm Largeur 20cm Hauteur 20cm.<\/span><br \/>\n<span style=\"font-family: 'trebuchet ms', geneva, sans-serif;\">\u25aa\ufe0f XXL) Longueur 30cm Largeur 20cm Hauteur 20cm.<\/span><\/p>\n<p><span style=\"font-family: 'trebuchet ms', geneva, sans-serif;\">Dot\u00e9es de deux boutons d&#8217;accroche sur le devant et de deux anses pratiques sur les c\u00f4t\u00e9s, ces malles offrent une manipulation ais\u00e9e et un transport sans effort, vous permettant de les d\u00e9placer facilement selon vos besoins. Leur conception intemporelle et \u00e9l\u00e9gante s&#8217;int\u00e8gre parfaitement dans n&#8217;importe quel style de d\u00e9coration, que vous aimiez le c\u00f4t\u00e9 boh\u00e8me, classique ou contemporain.<\/span><br \/>\n<span style=\"font-family: 'trebuchet ms', geneva, sans-serif;\">Gr\u00e2ce \u00e0 leurs dimensions polyvalentes, ces malles vous offrent un espace de rangement pratique pour de nombreux accessoires, gros objets, linge ou jouets. Elles ajoutent une touche sublime \u00e0 vos espaces de vie tout en vous aidant \u00e0 garder votre int\u00e9rieur organis\u00e9 et bien rang\u00e9.<\/span><\/p>\n<p><span style=\"font-family: 'trebuchet ms', geneva, sans-serif;\">Parfaitement con\u00e7ues pour durer dans le temps, ces malles en osier sont non seulement r\u00e9sistantes, mais le caract\u00e8re artisanal de leur fabrication leur conf\u00e8re \u00e9galement une personnalit\u00e9 unique et authentique. Chaque pi\u00e8ce est un tr\u00e9sor qui ajoutera une touche d&#8217;originalit\u00e9 et de charme \u00e0 votre d\u00e9coration.<\/span><\/p>\n<p><span style=\"font-family: 'trebuchet ms', geneva, sans-serif;\">Nous nous engageons \u00e0 vous fournir un produit qui : M\u00eame que sur la photo Authentique fabrication artisanale Fabriqu\u00e9 \u00e0 partir de mat\u00e9riaux de haute qualit\u00e9.<\/span><br \/>\n<span style=\"font-family: 'trebuchet ms', geneva, sans-serif;\">livraison :<\/span><\/p>\n<p><span style=\"font-family: 'trebuchet ms', geneva, sans-serif;\">Une fois votre commande trait\u00e9e, elle sera exp\u00e9di\u00e9e en toute s\u00e9curit\u00e9 via DHL, Aramex ou FedEx depuis le Maroc dans un d\u00e9lai de 4 \u00e0 6 jours ouvrables. Vous recevrez un e-mail de confirmation avec un num\u00e9ro de suivi pour vous aider \u00e0 suivre votre commande.<\/span><\/p>\n<p><span style=\"font-family: 'trebuchet ms', geneva, sans-serif;\">D\u00e9lais de traitement et d\u2019exp\u00e9dition :<\/span><\/p>\n<p><span style=\"font-family: 'trebuchet ms', geneva, sans-serif;\">Traitement : Votre commande sera pr\u00eate \u00e0 \u00eatre exp\u00e9di\u00e9e dans un d\u00e9lai d\u2019une semaine.<\/span><\/p>\n<p><span style=\"font-size: 14pt;\"><strong><span style=\"font-family: 'trebuchet ms', geneva, sans-serif;\">Notre engagement qualit\u00e9<\/span><\/strong><\/span><\/p>\n<p><span style=\"font-family: 'trebuchet ms', geneva, sans-serif;\">Nous nous engageons \u00e0 vous fournir un produit qui : M\u00eame que sur la photo Authentique fabrication artisanale Fabriqu\u00e9 \u00e0 partir de mat\u00e9riaux de haute qualit\u00e9.<\/span><br \/>\n<span style=\"font-family: 'trebuchet ms', geneva, sans-serif;\">livraison :<\/span><\/p>\n<p><span style=\"font-family: 'trebuchet ms', geneva, sans-serif;\">Une fois votre commande trait\u00e9e, elle sera exp\u00e9di\u00e9e en toute s\u00e9curit\u00e9 via DHL, Aramex ou FedEx depuis le Maroc dans un d\u00e9lai de 4 \u00e0 6 jours ouvrables. Vous recevrez un e-mail de confirmation avec un num\u00e9ro de suivi pour vous aider \u00e0 suivre votre commande.<\/span><\/p>\n<p><strong><span style=\"font-family: 'trebuchet ms', geneva, sans-serif; font-size: 14pt;\">D\u00e9lais de traitement et d'exp\u00e9dition :<\/span><\/strong><\/p>\n<p><span style=\"font-family: 'trebuchet ms', geneva, sans-serif;\">Traitement : Votre commande sera pr\u00eate \u00e0 \u00eatre exp\u00e9di\u00e9e dans un d\u00e9lai d'une semaine.<\/span><\/p>","protected":false},"excerpt":{"rendered":"<h6>\u2705 Un produit artisanal unique<br data-start=\"1761\" data-end=\"1764\" \/>\u2705 Une personnalisation exclusive<br data-start=\"1846\" data-end=\"1849\" \/>\u2705 Un accessoire \u00e0 la fois chic et pratique<\/h6>","protected":false},"featured_media":2813,"template":"","meta":[],"product_brand":[],"product_cat":[74,340,339],"product_tag":[],"class_list":{"0":"post-1425","1":"product","2":"type-product","3":"status-publish","4":"has-post-thumbnail","6":"product_cat-baskets","7":"product_cat-copper-crafts","8":"product_cat-leather-goods","10":"first","11":"instock","12":"shipping-taxable","13":"purchasable","14":"product-type-variable","15":"has-default-attributes"},"aioseo_notices":[],"jetpack_sharing_enabled":true,"_links":{"self":[{"href":"https:\/\/tapiismarrakech.com\/fr\/wp-json\/wp\/v2\/product\/1425","targetHints":{"allow":["GET"]}}],"collection":[{"href":"https:\/\/tapiismarrakech.com\/fr\/wp-json\/wp\/v2\/product"}],"about":[{"href":"https:\/\/tapiismarrakech.com\/fr\/wp-json\/wp\/v2\/types\/product"}],"wp:featuredmedia":[{"embeddable":true,"href":"https:\/\/tapiismarrakech.com\/fr\/wp-json\/wp\/v2\/media\/2813"}],"wp:attachment":[{"href":"https:\/\/tapiismarrakech.com\/fr\/wp-json\/wp\/v2\/media?parent=1425"}],"wp:term":[{"taxonomy":"product_brand","embeddable":true,"href":"https:\/\/tapiismarrakech.com\/fr\/wp-json\/wp\/v2\/product_brand?post=1425"},{"taxonomy":"product_cat","embeddable":true,"href":"https:\/\/tapiismarrakech.com\/fr\/wp-json\/wp\/v2\/product_cat?post=1425"},{"taxonomy":"product_tag","embeddable":true,"href":"https:\/\/tapiismarrakech.com\/fr\/wp-json\/wp\/v2\/product_tag?post=1425"}],"curies":[{"name":"wp","href":"https:\/\/api.w.org\/{rel}","templated":true}]}}