{"id":1954,"date":"2025-03-31T20:08:09","date_gmt":"2025-03-31T20:08:09","guid":{"rendered":"https:\/\/tapiismarrakech.com\/?post_type=product&#038;p=1954"},"modified":"2025-05-07T18:17:48","modified_gmt":"2025-05-07T18:17:48","slug":"chapeau-en-paille","status":"publish","type":"product","link":"https:\/\/tapiismarrakech.com\/fr\/product\/chapeau-en-paille\/","title":{"rendered":"Chapeau fait main - Chapeau palmier - Chapeau personnalisable - D\u00e9coration murale - Grand chapeau naturel"},"content":{"rendered":"<p><span style=\"font-family: 'trebuchet ms', geneva, sans-serif;\">Ce chapeau, \u00e0 personnaliser avec la broderie de votre choix pour un int\u00e9rieur qui vous ressemble, fera toute la diff\u00e9rence ! Id\u00e9al dans toutes les pi\u00e8ces de la maison, \u00e0 l&#8217;int\u00e9rieur comme \u00e0 l&#8217;ext\u00e9rieur, sur votre terrasse, au bord d&#8217;une piscine, sur un transat ou encore dans votre salon, il apportera un c\u00f4t\u00e9 maison de vacances ind\u00e9niable \u00e0 votre int\u00e9rieur ! Il est \u00e9galement le cadeau parfait pour un \u00e9v\u00e9nement particulier, unique et original, il fera l\u2019unanimit\u00e9 !<\/span><\/p>\n<p><span style=\"font-family: 'trebuchet ms', geneva, sans-serif;\">Ces chapeaux en paille sont faits \u00e0 partir de feuilles de palmier et sont enti\u00e8rement fabriqu\u00e9s \u00e0 la main.<\/span><\/p>\n<p><span style=\"font-family: 'trebuchet ms', geneva, sans-serif;\">AU CHOIX !<\/span><br \/>\n<span style=\"font-family: 'trebuchet ms', geneva, sans-serif;\">\u25aa\ufe0f Avec franges<\/span><br \/>\n<span style=\"font-family: 'trebuchet ms', geneva, sans-serif;\">\u25aa\ufe0f Sans franges<\/span><\/p>\n<p><span style=\"font-family: 'trebuchet ms', geneva, sans-serif;\">DIMENSIONS sans les franges<\/span><br \/>\n<span style=\"font-family: 'trebuchet ms', geneva, sans-serif;\">\u25aa\ufe0f S : 40 cm<\/span><br \/>\n<span style=\"font-family: 'trebuchet ms', geneva, sans-serif;\">\u25aa\ufe0f M : 60 cm<\/span><br \/>\n<span style=\"font-family: 'trebuchet ms', geneva, sans-serif;\">\u25aa\ufe0f L : 80 cm<\/span><br \/>\n<span style=\"font-family: 'trebuchet ms', geneva, sans-serif;\">\u25aa\ufe0f XL : 100 cm<\/span><\/p>\n<p><span style=\"font-family: 'trebuchet ms', geneva, sans-serif;\">Dans le champs de personnalisation, selon les options choisies, merci de m&#8217;indiquer :<\/span><br \/>\n<span style=\"font-family: 'trebuchet ms', geneva, sans-serif;\">&#8211; Le texte \u00e0 broder<\/span><br \/>\n<span style=\"font-family: 'trebuchet ms', geneva, sans-serif;\">&#8211; Le num\u00e9ro des couleurs choisies<\/span><br \/>\n<span style=\"font-family: 'trebuchet ms', geneva, sans-serif;\">&#8211; Chapeau avec ou sans les franges<\/span><br \/>\n<span style=\"font-family: 'trebuchet ms', geneva, sans-serif;\">&#8211; Un num\u00e9ro de t\u00e9l\u00e9phone afin de faciliter la livraison<\/span><br \/>\n<span style=\"font-family: 'trebuchet ms', geneva, sans-serif;\">\ud83c\udfa8 Le nuancier se trouve dans les photos de cette fiche produit \ud83d\ude42<\/span><\/p>\n<p><strong><span style=\"font-family: 'trebuchet ms', geneva, sans-serif; font-size: 14pt;\">MA PROMESSE<\/span><\/strong><br \/>\n<span style=\"font-family: 'trebuchet ms', geneva, sans-serif;\">\u2606 Produits de qualit\u00e9 soigneusement choisis et personnalis\u00e9s<\/span><br \/>\n<span style=\"font-family: 'trebuchet ms', geneva, sans-serif;\">\u2606 100% Hand-made, authentiquement fabriqu\u00e9 au Maroc<\/span><br \/>\n<span style=\"font-family: 'trebuchet ms', geneva, sans-serif;\">\u2606 100% Naturel &amp; Eco-Friendly<\/span><br \/>\n<span style=\"font-family: 'trebuchet ms', geneva, sans-serif;\">\u2606 100% Personnalisable<\/span><br \/>\n<span style=\"font-family: 'trebuchet ms', geneva, sans-serif;\">\u2606 100% Authentique<\/span><br \/>\n<span style=\"font-family: 'trebuchet ms', geneva, sans-serif;\">\u2606 100% \u00c0 votre \u00e9coute<\/span><\/p>\n<p><span style=\"font-size: 14pt;\"><strong><span style=\"font-family: 'trebuchet ms', geneva, sans-serif;\">Notre engagement qualit\u00e9<\/span><\/strong><\/span><\/p>\n<p><span style=\"font-family: 'trebuchet ms', geneva, sans-serif;\">Nous nous engageons \u00e0 vous fournir un produit qui : M\u00eame que sur la photo Authentique fabrication artisanale Fabriqu\u00e9 \u00e0 partir de mat\u00e9riaux de haute qualit\u00e9.<\/span><br \/>\n<span style=\"font-family: 'trebuchet ms', geneva, sans-serif;\">livraison :<\/span><\/p>\n<p><span style=\"font-family: 'trebuchet ms', geneva, sans-serif;\">Une fois votre commande trait\u00e9e, elle sera exp\u00e9di\u00e9e en toute s\u00e9curit\u00e9 via DHL, Aramex ou FedEx depuis le Maroc dans un d\u00e9lai de 4 \u00e0 6 jours ouvrables. Vous recevrez un e-mail de confirmation avec un num\u00e9ro de suivi pour vous aider \u00e0 suivre votre commande.<\/span><\/p>\n<p><strong><span style=\"font-family: 'trebuchet ms', geneva, sans-serif; font-size: 14pt;\">D\u00e9lais de traitement et d'exp\u00e9dition :<\/span><\/strong><\/p>\n<p><span style=\"font-family: 'trebuchet ms', geneva, sans-serif;\">Traitement : Votre commande sera pr\u00eate \u00e0 \u00eatre exp\u00e9di\u00e9e dans un d\u00e9lai d'une semaine.<\/span><\/p>","protected":false},"excerpt":{"rendered":"<h6><span style=\"font-family: helvetica, arial, sans-serif;\">\u2714\ufe0f Donne \u00e0 chaque pi\u00e8ce une allure de designer<\/span><br data-start=\"112\" data-end=\"115\" \/><span style=\"font-family: helvetica, arial, sans-serif;\">\u2764\ufe0f S\u00fbr pour les enfants et les animaux - 100 % mat\u00e9riaux naturels<\/span><br data-start=\"180\" data-end=\"183\" data-is-only-node=\"\" \/><span style=\"font-family: helvetica, arial, sans-serif;\">\ud83c\udfc5 Doux, confortable, et parfait pour les pieds nus<\/span><br data-start=\"234\" data-end=\"237\" \/><span style=\"font-family: helvetica, arial, sans-serif;\">\ud83d\udce6 Tapis sur mesure pr\u00eat \u00e0 \u00eatre livr\u00e9 en 4 \u00e0 6 semaines<\/span><\/h6>","protected":false},"featured_media":2027,"template":"","meta":[],"product_brand":[],"product_cat":[15],"product_tag":[],"class_list":{"0":"post-1954","1":"product","2":"type-product","3":"status-publish","4":"has-post-thumbnail","6":"product_cat-uncategorized","8":"first","9":"instock","10":"shipping-taxable","11":"purchasable","12":"product-type-variable"},"aioseo_notices":[],"jetpack_sharing_enabled":true,"_links":{"self":[{"href":"https:\/\/tapiismarrakech.com\/fr\/wp-json\/wp\/v2\/product\/1954","targetHints":{"allow":["GET"]}}],"collection":[{"href":"https:\/\/tapiismarrakech.com\/fr\/wp-json\/wp\/v2\/product"}],"about":[{"href":"https:\/\/tapiismarrakech.com\/fr\/wp-json\/wp\/v2\/types\/product"}],"wp:featuredmedia":[{"embeddable":true,"href":"https:\/\/tapiismarrakech.com\/fr\/wp-json\/wp\/v2\/media\/2027"}],"wp:attachment":[{"href":"https:\/\/tapiismarrakech.com\/fr\/wp-json\/wp\/v2\/media?parent=1954"}],"wp:term":[{"taxonomy":"product_brand","embeddable":true,"href":"https:\/\/tapiismarrakech.com\/fr\/wp-json\/wp\/v2\/product_brand?post=1954"},{"taxonomy":"product_cat","embeddable":true,"href":"https:\/\/tapiismarrakech.com\/fr\/wp-json\/wp\/v2\/product_cat?post=1954"},{"taxonomy":"product_tag","embeddable":true,"href":"https:\/\/tapiismarrakech.com\/fr\/wp-json\/wp\/v2\/product_tag?post=1954"}],"curies":[{"name":"wp","href":"https:\/\/api.w.org\/{rel}","templated":true}]}}