{"id":4655,"date":"2025-04-27T14:11:35","date_gmt":"2025-04-27T14:11:35","guid":{"rendered":"https:\/\/tapiismarrakech.com\/?post_type=product&#038;p=4655"},"modified":"2026-03-17T22:44:04","modified_gmt":"2026-03-17T22:44:04","slug":"custom-beni-ourain-rug-area-moroccan-rug-moroccan-rug","status":"publish","type":"product","link":"https:\/\/tapiismarrakech.com\/fr\/product\/custom-beni-ourain-rug-area-moroccan-rug-moroccan-rug\/","title":{"rendered":"Tapis Beni Ourain personnalis\u00e9 - Tapis marocain - Tapis marocain"},"content":{"rendered":"<p class=\"\" style=\"text-align: center;\" data-start=\"156\" data-end=\"341\"><span style=\"font-family: 'trebuchet ms', geneva, sans-serif; font-size: 14pt;\"><strong>Tapis marocains faits main sur mesure<\/strong> \u2013<strong> Une \u00e9l\u00e9gance intemporelle pour votre int\u00e9rieur.<\/strong><\/span><\/p>\n<p class=\"\" data-start=\"156\" data-end=\"341\"><span style=\"font-family: helvetica, arial, sans-serif;\">Transformez votre int\u00e9rieur avec la beaut\u00e9 authentique d'un tapis marocain fait main, confectionn\u00e9 avec amour par des artisans qualifi\u00e9s au Maroc. Chaque tapis raconte une histoire, tiss\u00e9 \u00e0 partir de laine 100 % naturelle de la plus haute qualit\u00e9, garantissant une douceur, une durabilit\u00e9 et une chaleur incomparables. Que vous recherchiez un tapis marocain \u00e0 poils longs, un tapis de couloir marocain sophistiqu\u00e9 ou un grand tapis marocain <strong>427\u00d7487 cm<\/strong>, nous proposons des mod\u00e8les enti\u00e8rement personnalisables pour s'adapter \u00e0 l'esth\u00e9tique unique de votre int\u00e9rieur.<\/span><br \/>\n<span style=\"font-family: helvetica, arial, sans-serif;\">Notre collection propose une <strong>vari\u00e9t\u00e9 de styles<\/strong>, notamment des tapis berb\u00e8res marocains et des tapis de style marocain, chacun refl\u00e9tant des si\u00e8cles de tradition et d'art. Choisissez parmi une superbe gamme de couleurs, notamment des tapis marocains noirs et blancs, rouges, verts, roses et bleus, pour s'adapter parfaitement \u00e0 votre d\u00e9cor.<\/span><\/p>\n<p class=\"\" style=\"text-align: center;\" data-start=\"156\" data-end=\"341\"><span style=\"font-family: 'trebuchet ms', geneva, sans-serif; font-size: 14pt;\"><strong>Pourquoi choisir nos tapis marocains personnalis\u00e9s ?<\/strong><\/span><\/p>\n<p class=\"\" data-start=\"156\" data-end=\"341\"><span style=\"font-family: helvetica, arial, sans-serif;\">\u2714 Artisanat marocain authentique - Tiss\u00e9s \u00e0 la main par des artisans experts selon des techniques berb\u00e8res traditionnelles.<\/span><br \/>\n<span style=\"font-family: helvetica, arial, sans-serif;\">\u2714 Laine de qualit\u00e9 sup\u00e9rieure - Douce, moelleuse et con\u00e7ue pour durer des g\u00e9n\u00e9rations.<\/span><br \/>\n<span style=\"font-family: helvetica, arial, sans-serif;\">\u2714 Dimensions personnalis\u00e9es disponibles - Des petits tapis de couloir aux grands tapis marocains 427\u00d7487 et plus encore.<\/span><br \/>\n<span style=\"font-family: helvetica, arial, sans-serif;\">\u2714 Styles polyvalents - Que vous pr\u00e9f\u00e9riez un tapis marocain pour votre couloir, un tapis \u00e0 poils longs pour une ambiance chaleureuse ou un tapis marocain color\u00e9 pour une touche d'audace, nous avons ce qu'il vous faut.<\/span><br \/>\n<span style=\"font-family: helvetica, arial, sans-serif;\">\u2714 Options int\u00e9rieures et ext\u00e9rieures - Sublimez n'importe quel espace avec un tapis marocain d'ext\u00e9rieur, parfait pour les patios et les terrasses.<\/span><br \/>\n<span style=\"font-family: helvetica, arial, sans-serif;\">Nous proposons des tapis marocains \u00e0 la vente et livrons dans le monde entier. Vous pouvez ainsi int\u00e9grer facilement un \u00e9l\u00e9ment du <strong>patrimoine marocain<\/strong> \u00e0 votre int\u00e9rieur. Que vous recherchiez un tapis marocain d'ext\u00e9rieur, un tapis \u00e0 poils longs ou un tapis marocain noir et blanc, notre s\u00e9lection vari\u00e9e vous garantit un choix parfait pour votre style.<\/span><\/p>\n<p style=\"text-align: center;\" data-start=\"156\" data-end=\"341\"><strong><span style=\"font-family: helvetica, arial, sans-serif;\"><span style=\"font-family: 'trebuchet ms', geneva, sans-serif; font-size: 14pt;\">P\u00e9riode de fabrication<\/span>\u00a0<\/span><\/strong><br \/>\n<span style=\"font-family: helvetica, arial, sans-serif;\">La fabrication d'un tapis personnalis\u00e9 de grande taille peut prendre de 4 \u00e0 6 semaines ou moins, selon la taille requise, car il s'agit de tapis faits \u00e0 la main.<\/span><\/p>\n<p style=\"text-align: center;\" data-start=\"156\" data-end=\"341\"><span style=\"font-family: 'trebuchet ms', geneva, sans-serif; font-size: 14pt;\"><strong>P\u00e9riode de Livraison : <\/strong><\/span><\/p>\n<p data-start=\"156\" data-end=\"341\"><span style=\"font-family: helvetica, arial, sans-serif;\">Votre commande sera livr\u00e9e \u00e0 votre domicile via ARAMEX, DHL ou UPS dans un d\u00e9lai de 4 \u00e0 6 jours ouvr\u00e9s. Nous assurons une manipulation soign\u00e9e et une livraison en toute s\u00e9curit\u00e9 de nos meubles, objets fragiles et volumineux.<\/span><\/p>\n<p><span style=\"font-size: 14pt;\"><strong><span style=\"font-family: 'trebuchet ms', geneva, sans-serif;\">Notre engagement qualit\u00e9<\/span><\/strong><\/span><\/p>\n<p><span style=\"font-family: 'trebuchet ms', geneva, sans-serif;\">Nous nous engageons \u00e0 vous fournir un produit qui : M\u00eame que sur la photo Authentique fabrication artisanale Fabriqu\u00e9 \u00e0 partir de mat\u00e9riaux de haute qualit\u00e9.<\/span><br \/>\n<span style=\"font-family: 'trebuchet ms', geneva, sans-serif;\">livraison :<\/span><\/p>\n<p><span style=\"font-family: 'trebuchet ms', geneva, sans-serif;\">Une fois votre commande trait\u00e9e, elle sera exp\u00e9di\u00e9e en toute s\u00e9curit\u00e9 via DHL, Aramex ou FedEx depuis le Maroc dans un d\u00e9lai de 4 \u00e0 6 jours ouvrables. Vous recevrez un e-mail de confirmation avec un num\u00e9ro de suivi pour vous aider \u00e0 suivre votre commande.<\/span><\/p>\n<p><strong><span style=\"font-family: 'trebuchet ms', geneva, sans-serif; font-size: 14pt;\">D\u00e9lais de traitement et d'exp\u00e9dition :<\/span><\/strong><\/p>\n<p><span style=\"font-family: 'trebuchet ms', geneva, sans-serif;\">Traitement : Votre commande sera pr\u00eate \u00e0 \u00eatre exp\u00e9di\u00e9e dans un d\u00e9lai d'une semaine.<\/span><\/p>\n<h2 class=\"elementor-heading-title elementor-size-default\" style=\"text-align: center;\"><span style=\"font-size: 14pt; font-family: 'trebuchet ms', geneva, sans-serif;\"><strong>D\u00e9bloquez des offres exclusives - Rejoignez notre liste VIP !<\/strong><\/span><\/h2>\n<p style=\"text-align: center;\" data-start=\"1543\" data-end=\"1703\"><span style=\"font-family: helvetica, arial, sans-serif;\"><\/span><\/p>","protected":false},"excerpt":{"rendered":"<h6>\u2714\ufe0f <span style=\"font-family: 'trebuchet ms', geneva, sans-serif;\">Donne \u00e0 chaque pi\u00e8ce une allure de designer<\/span><br data-start=\"112\" data-end=\"115\" \/><span style=\"font-family: 'trebuchet ms', geneva, sans-serif;\">\u2764\ufe0f S\u00fbr pour les enfants et les animaux - 100 % mat\u00e9riaux naturels<\/span><br data-start=\"180\" data-end=\"183\" data-is-only-node=\"\" \/><span style=\"font-family: 'trebuchet ms', geneva, sans-serif;\">\ud83c\udfc5 Doux, confortable, et parfait pour les pieds nus<\/span><br data-start=\"234\" data-end=\"237\" \/><span style=\"font-family: 'trebuchet ms', geneva, sans-serif;\">\ud83d\udce6 Tapis sur mesure pr\u00eat \u00e0 \u00eatre livr\u00e9 en 3 \u00e0 4 semaines<\/span><\/h6>","protected":false},"featured_media":5418,"template":"","meta":[],"product_brand":[],"product_cat":[23,337],"product_tag":[],"class_list":{"0":"post-4655","1":"product","2":"type-product","3":"status-publish","4":"has-post-thumbnail","6":"product_cat-rug-beni-ourain","7":"product_cat-rugs","9":"first","10":"instock","11":"shipping-taxable","12":"purchasable","13":"product-type-variable","14":"has-default-attributes"},"aioseo_notices":[],"jetpack_sharing_enabled":true,"_links":{"self":[{"href":"https:\/\/tapiismarrakech.com\/fr\/wp-json\/wp\/v2\/product\/4655","targetHints":{"allow":["GET"]}}],"collection":[{"href":"https:\/\/tapiismarrakech.com\/fr\/wp-json\/wp\/v2\/product"}],"about":[{"href":"https:\/\/tapiismarrakech.com\/fr\/wp-json\/wp\/v2\/types\/product"}],"wp:featuredmedia":[{"embeddable":true,"href":"https:\/\/tapiismarrakech.com\/fr\/wp-json\/wp\/v2\/media\/5418"}],"wp:attachment":[{"href":"https:\/\/tapiismarrakech.com\/fr\/wp-json\/wp\/v2\/media?parent=4655"}],"wp:term":[{"taxonomy":"product_brand","embeddable":true,"href":"https:\/\/tapiismarrakech.com\/fr\/wp-json\/wp\/v2\/product_brand?post=4655"},{"taxonomy":"product_cat","embeddable":true,"href":"https:\/\/tapiismarrakech.com\/fr\/wp-json\/wp\/v2\/product_cat?post=4655"},{"taxonomy":"product_tag","embeddable":true,"href":"https:\/\/tapiismarrakech.com\/fr\/wp-json\/wp\/v2\/product_tag?post=4655"}],"curies":[{"name":"wp","href":"https:\/\/api.w.org\/{rel}","templated":true}]}}