{"id":6057,"date":"2026-04-14T19:10:46","date_gmt":"2026-04-14T19:10:46","guid":{"rendered":"https:\/\/tapiismarrakech.com\/?post_type=product&#038;p=6057"},"modified":"2026-04-14T19:21:23","modified_gmt":"2026-04-14T19:21:23","slug":"test-testmoroccan-rug-beni-ourain-white-berber-carpet","status":"publish","type":"product","link":"https:\/\/tapiismarrakech.com\/fr\/product\/test-testmoroccan-rug-beni-ourain-white-berber-carpet\/","title":{"rendered":"TEST TESTTapis marocain - Beni Ourain Tapis berb\u00e8re blanc"},"content":{"rendered":"<h2 data-section-id=\"1nxwjf9\" data-start=\"125\" data-end=\"198\"><span role=\"text\">\ud83c\udffa <strong data-start=\"131\" data-end=\"198\">Tapis marocains faits \u00e0 la main - \u00c9l\u00e9gance intemporelle pour votre maison<\/strong><\/span><\/h2>\n<p data-start=\"200\" data-end=\"453\">Transformez votre int\u00e9rieur avec la beaut\u00e9 authentique d'un tapis marocain fait main, soigneusement fabriqu\u00e9 par des artisans qualifi\u00e9s au Maroc. Chaque tapis raconte une histoire unique. <strong data-start=\"370\" data-end=\"399\">100% laine naturelle de premi\u00e8re qualit\u00e9<\/strong>, La laine de mouton est un produit de qualit\u00e9 sup\u00e9rieure, garantissant une douceur, une durabilit\u00e9 et une chaleur in\u00e9gal\u00e9es.<\/p>\n<p data-start=\"455\" data-end=\"665\">Que vous soyez \u00e0 la recherche d'un <strong data-start=\"484\" data-end=\"511\">Tapis marocain en peluche<\/strong>, a <strong data-start=\"515\" data-end=\"546\">Tapis de course marocain raffin\u00e9<\/strong>, ou un <strong data-start=\"553\" data-end=\"588\">grand tapis marocain (427\u00d7487 cm)<\/strong>, Nous proposons des designs enti\u00e8rement personnalisables, adapt\u00e9s \u00e0 votre style d'int\u00e9rieur unique.<\/p>\n<p data-start=\"667\" data-end=\"977\">Notre collection comprend un large \u00e9ventail de styles, notamment <strong data-start=\"725\" data-end=\"752\">tapis berb\u00e8res traditionnels<\/strong> et des mod\u00e8les modernes d'inspiration marocaine, chacun refl\u00e9tant des si\u00e8cles d'artisanat et d'h\u00e9ritage. Choisissez parmi une \u00e9tonnante palette de couleurs telles que <strong data-start=\"897\" data-end=\"944\">noir et blanc, rouge, vert, rose et bleu<\/strong>, La collection d'objets d'art et de d\u00e9coration s'harmonise parfaitement avec votre d\u00e9cor.<\/p>\n<hr data-start=\"979\" data-end=\"982\" \/>\n<h2 data-section-id=\"1dyrt5d\" data-start=\"984\" data-end=\"1029\"><span role=\"text\">\u2728 <strong data-start=\"989\" data-end=\"1029\">Pourquoi choisir nos tapis marocains personnalis\u00e9s ?<\/strong><\/span><\/h2>\n<p data-start=\"1031\" data-end=\"1485\">\u2714 <strong data-start=\"1033\" data-end=\"1069\">L'artisanat marocain authentique<\/strong> - Tiss\u00e9 \u00e0 la main par des artisans experts utilisant des techniques berb\u00e8res traditionnelles<br data-start=\"1136\" data-end=\"1139\" \/>\u2714 <strong data-start=\"1141\" data-end=\"1165\">Laine de qualit\u00e9 sup\u00e9rieure<\/strong> - Doux, pelucheux et con\u00e7u pour durer des g\u00e9n\u00e9rations<br data-start=\"1213\" data-end=\"1216\" \/>\u2714 <strong data-start=\"1218\" data-end=\"1244\">Tailles personnalis\u00e9es disponibles<\/strong> - Des petits chemins aux grands tapis (427\u00d7487 cm et plus)<br data-start=\"1303\" data-end=\"1306\" \/>\u2714 <strong data-start=\"1308\" data-end=\"1328\">Styles polyvalents<\/strong> - Parfait pour les couloirs, les espaces de vie confortables ou les accents d\u00e9coratifs audacieux.<br data-start=\"1399\" data-end=\"1402\" \/>\u2714 <strong data-start=\"1404\" data-end=\"1432\">Options int\u00e9rieures et ext\u00e9rieures<\/strong> - Am\u00e9liorer tout espace, y compris les patios et les terrasses<\/p>\n<p data-start=\"1487\" data-end=\"1773\">Nous proposons \u00e0 la vente des tapis marocains avec <strong data-start=\"1524\" data-end=\"1546\">exp\u00e9dition dans le monde entier<\/strong>, Il est donc facile d'apporter une touche d'h\u00e9ritage marocain dans votre maison. Que vous recherchiez un tapis d'ext\u00e9rieur, un tapis shag ou un tapis marocain noir et blanc, notre collection vari\u00e9e vous garantit l'adaptation parfaite \u00e0 votre style.<\/p>\n<hr data-start=\"1775\" data-end=\"1778\" \/>\n<h2 data-section-id=\"12z5860\" data-start=\"1780\" data-end=\"1805\"><span role=\"text\">\ud83e\uddf5 <strong data-start=\"1786\" data-end=\"1805\">Temps de production<\/strong><\/span><\/h2>\n<p data-start=\"1807\" data-end=\"1915\">Les grands tapis personnalis\u00e9s sont faits \u00e0 la main et n\u00e9cessitent g\u00e9n\u00e9ralement <strong data-start=\"1860\" data-end=\"1876\">4 \u00e0 6 semaines<\/strong> pour la production, en fonction de la taille.<\/p>\n<hr data-start=\"1917\" data-end=\"1920\" \/>\n<h2 data-section-id=\"1kyvy4r\" data-start=\"1922\" data-end=\"1945\"><span role=\"text\">\ud83d\ude9a <strong data-start=\"1928\" data-end=\"1945\">D\u00e9lai de livraison<\/strong><\/span><\/h2>\n<p data-start=\"1947\" data-end=\"2133\">Votre commande sera livr\u00e9e \u00e0 votre porte via <strong data-start=\"1997\" data-end=\"2045\">ARAMEX, DHL ou UPS dans un d\u00e9lai de 4 \u00e0 6 jours ouvrables<\/strong>.<br data-start=\"2046\" data-end=\"2049\" \/>Nous assurons une manipulation soigneuse et une livraison s\u00e9curis\u00e9e, m\u00eame pour les articles fragiles ou surdimensionn\u00e9s.<\/p>\n<hr data-start=\"2135\" data-end=\"2138\" \/>\n<h2 data-section-id=\"tgig9y\" data-start=\"2140\" data-end=\"2171\"><span role=\"text\">\u2705 <strong data-start=\"2145\" data-end=\"2171\">Notre engagement en mati\u00e8re de qualit\u00e9<\/strong><\/span><\/h2>\n<p data-start=\"2173\" data-end=\"2325\">Nous nous engageons \u00e0 fournir un produit qui est :<br data-start=\"2221\" data-end=\"2224\" \/>Exactement comme sur les photos<br data-start=\"2256\" data-end=\"2259\" \/>\u2714 Authentiquement fait \u00e0 la main<br data-start=\"2283\" data-end=\"2286\" \/>\u2714 Fabriqu\u00e9 \u00e0 partir de mat\u00e9riaux de haute qualit\u00e9<\/p>\n<hr data-start=\"2327\" data-end=\"2330\" \/>\n<h2 data-section-id=\"bp1lwu\" data-start=\"2332\" data-end=\"2358\"><span role=\"text\">\ud83d\udce6 <strong data-start=\"2338\" data-end=\"2358\">D\u00e9tails de l'exp\u00e9dition<\/strong><\/span><\/h2>\n<p data-start=\"2360\" data-end=\"2575\">Une fois que votre commande est pr\u00eate, elle sera exp\u00e9di\u00e9e en toute s\u00e9curit\u00e9 par l'interm\u00e9diaire de <strong data-start=\"2418\" data-end=\"2456\">DHL, Aramex ou FedEx depuis le Maroc<\/strong> \u00e0 l'int\u00e9rieur <strong data-start=\"2464\" data-end=\"2485\">4-6 jours ouvrables<\/strong>.<br data-start=\"2486\" data-end=\"2489\" \/>Vous recevrez un courriel de confirmation avec un num\u00e9ro de suivi pour contr\u00f4ler votre envoi.<\/p>\n<hr data-start=\"2577\" data-end=\"2580\" \/>\n<h2 data-section-id=\"i5j0js\" data-start=\"2582\" data-end=\"2606\"><span role=\"text\">\u23f3 <strong data-start=\"2587\" data-end=\"2606\">D\u00e9lai de traitement<\/strong><\/span><\/h2>\n<p data-start=\"2608\" data-end=\"2677\">Votre commande sera pr\u00e9par\u00e9e et pr\u00eate \u00e0 \u00eatre exp\u00e9di\u00e9e dans un d\u00e9lai de <strong data-start=\"2666\" data-end=\"2676\">1 semaine<\/strong>.<\/p>","protected":false},"excerpt":{"rendered":"<h6>\u2714\ufe0f <strong data-start=\"90\" data-end=\"127\">Ajoute une touche design \u00e0 n'importe quelle pi\u00e8ce<\/strong><br data-start=\"127\" data-end=\"130\" \/>\u2764\ufe0f <strong data-start=\"133\" data-end=\"188\">Safe for children and pets \u2013 100% natural materials<\/strong><br data-start=\"188\" data-end=\"191\" data-is-only-node=\"\" \/>\ud83c\udfc5 <strong data-start=\"194\" data-end=\"248\">Doux, confortable et parfait pour vivre pieds nus<\/strong><br data-start=\"248\" data-end=\"251\" \/>\ud83d\udce6 <strong data-start=\"254\" data-end=\"305\">Tapis sur mesure pr\u00eat \u00e0 \u00eatre livr\u00e9 en 3-4 semaines<\/strong><\/h6>","protected":false},"featured_media":5344,"template":"","meta":[],"product_brand":[],"product_cat":[23,337],"product_tag":[],"class_list":{"0":"post-6057","1":"product","2":"type-product","3":"status-publish","4":"has-post-thumbnail","6":"product_cat-rug-beni-ourain","7":"product_cat-rugs","9":"first","10":"instock","11":"shipping-taxable","12":"purchasable","13":"product-type-variable"},"aioseo_notices":[],"jetpack_sharing_enabled":true,"_links":{"self":[{"href":"https:\/\/tapiismarrakech.com\/fr\/wp-json\/wp\/v2\/product\/6057","targetHints":{"allow":["GET"]}}],"collection":[{"href":"https:\/\/tapiismarrakech.com\/fr\/wp-json\/wp\/v2\/product"}],"about":[{"href":"https:\/\/tapiismarrakech.com\/fr\/wp-json\/wp\/v2\/types\/product"}],"wp:featuredmedia":[{"embeddable":true,"href":"https:\/\/tapiismarrakech.com\/fr\/wp-json\/wp\/v2\/media\/5344"}],"wp:attachment":[{"href":"https:\/\/tapiismarrakech.com\/fr\/wp-json\/wp\/v2\/media?parent=6057"}],"wp:term":[{"taxonomy":"product_brand","embeddable":true,"href":"https:\/\/tapiismarrakech.com\/fr\/wp-json\/wp\/v2\/product_brand?post=6057"},{"taxonomy":"product_cat","embeddable":true,"href":"https:\/\/tapiismarrakech.com\/fr\/wp-json\/wp\/v2\/product_cat?post=6057"},{"taxonomy":"product_tag","embeddable":true,"href":"https:\/\/tapiismarrakech.com\/fr\/wp-json\/wp\/v2\/product_tag?post=6057"}],"curies":[{"name":"wp","href":"https:\/\/api.w.org\/{rel}","templated":true}]}}